{"id":47,"date":"2025-05-16T00:23:55","date_gmt":"2025-05-15T22:23:55","guid":{"rendered":"https:\/\/carlosferbell.es\/?page_id=47"},"modified":"2025-06-11T13:19:31","modified_gmt":"2025-06-11T11:19:31","slug":"portfolio","status":"publish","type":"page","link":"https:\/\/carlosferbell.es\/","title":{"rendered":"Portfolio"},"content":{"rendered":"\t\t<div data-elementor-type=\"wp-page\" data-elementor-id=\"47\" class=\"elementor elementor-47\">\n\t\t\t\t<div class=\"elementor-element elementor-element-b80ab65 e-flex e-con-boxed e-con e-parent\" data-id=\"b80ab65\" data-element_type=\"container\" data-settings=\"{&quot;background_background&quot;:&quot;classic&quot;}\">\n\t\t\t\t\t<div class=\"e-con-inner\">\n\t\t\t\t<div class=\"elementor-element elementor-element-03ab685 elementor-invisible elementor-widget elementor-widget-heading\" data-id=\"03ab685\" data-element_type=\"widget\" data-settings=\"{&quot;_animation&quot;:&quot;fadeInRight&quot;,&quot;_animation_delay&quot;:500}\" data-widget_type=\"heading.default\">\n\t\t\t\t<div class=\"elementor-widget-container\">\n\t\t\t\t\t<h1 class=\"elementor-heading-title elementor-size-default\">Portfolio<\/h1>\t\t\t\t<\/div>\n\t\t\t\t<\/div>\n\t\t\t\t<div class=\"elementor-element elementor-element-c6bf868 animated-slow elementor-widget-divider--view-line elementor-invisible elementor-widget elementor-widget-divider\" data-id=\"c6bf868\" data-element_type=\"widget\" data-settings=\"{&quot;_animation&quot;:&quot;fadeInLeft&quot;,&quot;_animation_delay&quot;:500}\" data-widget_type=\"divider.default\">\n\t\t\t\t<div class=\"elementor-widget-container\">\n\t\t\t\t\t\t\t<div class=\"elementor-divider\">\n\t\t\t<span class=\"elementor-divider-separator\">\n\t\t\t\t\t\t<\/span>\n\t\t<\/div>\n\t\t\t\t\t\t<\/div>\n\t\t\t\t<\/div>\n\t\t<div class=\"elementor-element elementor-element-cc37336 e-con-full e-flex e-con e-child\" data-id=\"cc37336\" data-element_type=\"container\">\n\t\t<div class=\"elementor-element elementor-element-5e6eda8 e-con-full e-flex e-con e-child\" data-id=\"5e6eda8\" data-element_type=\"container\">\n\t\t\t\t<div class=\"elementor-element elementor-element-ebf0216 elementor-invisible elementor-widget elementor-widget-heading\" data-id=\"ebf0216\" data-element_type=\"widget\" data-settings=\"{&quot;_animation&quot;:&quot;slideInLeft&quot;}\" data-widget_type=\"heading.default\">\n\t\t\t\t<div class=\"elementor-widget-container\">\n\t\t\t\t\t<h2 class=\"elementor-heading-title elementor-size-default\">WordPress<\/h2>\t\t\t\t<\/div>\n\t\t\t\t<\/div>\n\t\t<div class=\"elementor-element elementor-element-4ffd618 e-con-full e-flex elementor-invisible e-con e-child\" data-id=\"4ffd618\" data-element_type=\"container\" data-settings=\"{&quot;animation&quot;:&quot;bounceInLeft&quot;}\">\n\t\t<a class=\"elementor-element elementor-element-bb93077 e-con-full e-flex e-con e-child\" data-id=\"bb93077\" data-element_type=\"container\" data-settings=\"{&quot;background_background&quot;:&quot;classic&quot;}\" href=\"https:\/\/miquelantoja.carlosferbell.es\/\">\n\t\t\t\t<div class=\"elementor-element elementor-element-adf3877 elementor-widget elementor-widget-image\" data-id=\"adf3877\" data-element_type=\"widget\" data-widget_type=\"image.default\">\n\t\t\t\t<div class=\"elementor-widget-container\">\n\t\t\t\t\t\t\t\t\t\t\t\t\t\t\t<img fetchpriority=\"high\" decoding=\"async\" width=\"700\" height=\"700\" src=\"https:\/\/carlosferbell.es\/wp-content\/uploads\/2025\/06\/miquelAntoja.png\" class=\"attachment-large size-large wp-image-809\" alt=\"Miquel Antoja\" srcset=\"https:\/\/carlosferbell.es\/wp-content\/uploads\/2025\/06\/miquelAntoja.png 700w, https:\/\/carlosferbell.es\/wp-content\/uploads\/2025\/06\/miquelAntoja-300x300.png 300w, https:\/\/carlosferbell.es\/wp-content\/uploads\/2025\/06\/miquelAntoja-150x150.png 150w\" sizes=\"(max-width: 700px) 100vw, 700px\" \/>\t\t\t\t\t\t\t\t\t\t\t\t\t\t\t<\/div>\n\t\t\t\t<\/div>\n\t\t\t\t<div class=\"elementor-element elementor-element-997659b elementor-widget-divider--view-line elementor-invisible elementor-widget elementor-widget-divider\" data-id=\"997659b\" data-element_type=\"widget\" data-settings=\"{&quot;_animation&quot;:&quot;wobble&quot;,&quot;_animation_delay&quot;:0}\" data-widget_type=\"divider.default\">\n\t\t\t\t<div class=\"elementor-widget-container\">\n\t\t\t\t\t\t\t<div class=\"elementor-divider\">\n\t\t\t<span class=\"elementor-divider-separator\">\n\t\t\t\t\t\t<\/span>\n\t\t<\/div>\n\t\t\t\t\t\t<\/div>\n\t\t\t\t<\/div>\n\t\t\t\t<div class=\"elementor-element elementor-element-eea96d2 elementor-widget__width-initial elementor-widget elementor-widget-heading\" data-id=\"eea96d2\" data-element_type=\"widget\" data-widget_type=\"heading.default\">\n\t\t\t\t<div class=\"elementor-widget-container\">\n\t\t\t\t\t<h3 class=\"elementor-heading-title elementor-size-default\">Miquel Antoja<\/h3>\t\t\t\t<\/div>\n\t\t\t\t<\/div>\n\t\t\t\t<\/a>\n\t\t\t\t<\/div>\n\t\t\t\t<\/div>\n\t\t<div class=\"elementor-element elementor-element-8b5e687 e-con-full e-flex e-con e-child\" data-id=\"8b5e687\" data-element_type=\"container\">\n\t\t\t\t<div class=\"elementor-element elementor-element-57f0815 elementor-invisible elementor-widget elementor-widget-heading\" data-id=\"57f0815\" data-element_type=\"widget\" data-settings=\"{&quot;_animation&quot;:&quot;slideInLeft&quot;}\" data-widget_type=\"heading.default\">\n\t\t\t\t<div class=\"elementor-widget-container\">\n\t\t\t\t\t<h2 class=\"elementor-heading-title elementor-size-default\">Javascript<\/h2>\t\t\t\t<\/div>\n\t\t\t\t<\/div>\n\t\t<div class=\"elementor-element elementor-element-d108d41 e-con-full e-flex elementor-invisible e-con e-child\" data-id=\"d108d41\" data-element_type=\"container\" data-settings=\"{&quot;animation&quot;:&quot;bounceInLeft&quot;}\">\n\t\t<a class=\"elementor-element elementor-element-b9deea7 e-con-full e-flex e-con e-child\" data-id=\"b9deea7\" data-element_type=\"container\" data-settings=\"{&quot;background_background&quot;:&quot;classic&quot;}\" href=\"https:\/\/listaTareas.carlosferbell.es\/\">\n\t\t\t\t<div class=\"elementor-element elementor-element-53a5f07 elementor-widget elementor-widget-image\" data-id=\"53a5f07\" data-element_type=\"widget\" data-widget_type=\"image.default\">\n\t\t\t\t<div class=\"elementor-widget-container\">\n\t\t\t\t\t\t\t\t\t\t\t\t\t\t\t<img decoding=\"async\" width=\"800\" height=\"800\" src=\"https:\/\/carlosferbell.es\/wp-content\/uploads\/2025\/05\/listaTareas.png\" class=\"attachment-large size-large wp-image-216\" alt=\"Lista de Tareas\" srcset=\"https:\/\/carlosferbell.es\/wp-content\/uploads\/2025\/05\/listaTareas.png 800w, https:\/\/carlosferbell.es\/wp-content\/uploads\/2025\/05\/listaTareas-300x300.png 300w, https:\/\/carlosferbell.es\/wp-content\/uploads\/2025\/05\/listaTareas-150x150.png 150w, https:\/\/carlosferbell.es\/wp-content\/uploads\/2025\/05\/listaTareas-768x768.png 768w\" sizes=\"(max-width: 800px) 100vw, 800px\" \/>\t\t\t\t\t\t\t\t\t\t\t\t\t\t\t<\/div>\n\t\t\t\t<\/div>\n\t\t\t\t<div class=\"elementor-element elementor-element-56cfdf7 elementor-widget-divider--view-line elementor-invisible elementor-widget elementor-widget-divider\" data-id=\"56cfdf7\" data-element_type=\"widget\" data-settings=\"{&quot;_animation&quot;:&quot;wobble&quot;,&quot;_animation_delay&quot;:0}\" data-widget_type=\"divider.default\">\n\t\t\t\t<div class=\"elementor-widget-container\">\n\t\t\t\t\t\t\t<div class=\"elementor-divider\">\n\t\t\t<span class=\"elementor-divider-separator\">\n\t\t\t\t\t\t<\/span>\n\t\t<\/div>\n\t\t\t\t\t\t<\/div>\n\t\t\t\t<\/div>\n\t\t\t\t<div class=\"elementor-element elementor-element-c71b378 elementor-widget__width-initial elementor-widget elementor-widget-heading\" data-id=\"c71b378\" data-element_type=\"widget\" data-widget_type=\"heading.default\">\n\t\t\t\t<div class=\"elementor-widget-container\">\n\t\t\t\t\t<h3 class=\"elementor-heading-title elementor-size-default\">Lista de tareas con DOM y eventos<\/h3>\t\t\t\t<\/div>\n\t\t\t\t<\/div>\n\t\t\t\t<\/a>\n\t\t<a class=\"elementor-element elementor-element-008f252 e-con-full e-flex e-con e-child\" data-id=\"008f252\" data-element_type=\"container\" data-settings=\"{&quot;background_background&quot;:&quot;classic&quot;}\" href=\"https:\/\/themealdb.carlosferbell.es\/\">\n\t\t\t\t<div class=\"elementor-element elementor-element-3de191f elementor-widget elementor-widget-image\" data-id=\"3de191f\" data-element_type=\"widget\" data-widget_type=\"image.default\">\n\t\t\t\t<div class=\"elementor-widget-container\">\n\t\t\t\t\t\t\t\t\t\t\t\t\t\t\t<img decoding=\"async\" width=\"800\" height=\"800\" src=\"https:\/\/carlosferbell.es\/wp-content\/uploads\/2025\/05\/theMealDB-1024x1024.png\" class=\"attachment-large size-large wp-image-331\" alt=\"The Meal DB\" srcset=\"https:\/\/carlosferbell.es\/wp-content\/uploads\/2025\/05\/theMealDB-1024x1024.png 1024w, https:\/\/carlosferbell.es\/wp-content\/uploads\/2025\/05\/theMealDB-300x300.png 300w, https:\/\/carlosferbell.es\/wp-content\/uploads\/2025\/05\/theMealDB-150x150.png 150w, https:\/\/carlosferbell.es\/wp-content\/uploads\/2025\/05\/theMealDB-768x768.png 768w, https:\/\/carlosferbell.es\/wp-content\/uploads\/2025\/05\/theMealDB-1536x1536.png 1536w, https:\/\/carlosferbell.es\/wp-content\/uploads\/2025\/05\/theMealDB-2048x2048.png 2048w\" sizes=\"(max-width: 800px) 100vw, 800px\" \/>\t\t\t\t\t\t\t\t\t\t\t\t\t\t\t<\/div>\n\t\t\t\t<\/div>\n\t\t\t\t<div class=\"elementor-element elementor-element-152c665 elementor-widget-divider--view-line elementor-invisible elementor-widget elementor-widget-divider\" data-id=\"152c665\" data-element_type=\"widget\" data-settings=\"{&quot;_animation&quot;:&quot;wobble&quot;,&quot;_animation_delay&quot;:0}\" data-widget_type=\"divider.default\">\n\t\t\t\t<div class=\"elementor-widget-container\">\n\t\t\t\t\t\t\t<div class=\"elementor-divider\">\n\t\t\t<span class=\"elementor-divider-separator\">\n\t\t\t\t\t\t<\/span>\n\t\t<\/div>\n\t\t\t\t\t\t<\/div>\n\t\t\t\t<\/div>\n\t\t\t\t<div class=\"elementor-element elementor-element-0793725 elementor-widget__width-initial elementor-widget elementor-widget-heading\" data-id=\"0793725\" data-element_type=\"widget\" data-widget_type=\"heading.default\">\n\t\t\t\t<div class=\"elementor-widget-container\">\n\t\t\t\t\t<h3 class=\"elementor-heading-title elementor-size-default\">Conexi\u00f3n a API de Recetas The Meal DB<\/h3>\t\t\t\t<\/div>\n\t\t\t\t<\/div>\n\t\t\t\t<\/a>\n\t\t\t\t<\/div>\n\t\t\t\t<\/div>\n\t\t<div class=\"elementor-element elementor-element-c4a48b3 e-con-full e-flex e-con e-child\" data-id=\"c4a48b3\" data-element_type=\"container\">\n\t\t\t\t<div class=\"elementor-element elementor-element-3fc66aa elementor-invisible elementor-widget elementor-widget-heading\" data-id=\"3fc66aa\" data-element_type=\"widget\" data-settings=\"{&quot;_animation&quot;:&quot;slideInLeft&quot;}\" data-widget_type=\"heading.default\">\n\t\t\t\t<div class=\"elementor-widget-container\">\n\t\t\t\t\t<h2 class=\"elementor-heading-title elementor-size-default\">Maquetaci\u00f3n<\/h2>\t\t\t\t<\/div>\n\t\t\t\t<\/div>\n\t\t<div class=\"elementor-element elementor-element-0b3c05e e-con-full e-flex elementor-invisible e-con e-child\" data-id=\"0b3c05e\" data-element_type=\"container\" data-settings=\"{&quot;animation&quot;:&quot;bounceInLeft&quot;}\">\n\t\t<a class=\"elementor-element elementor-element-d65bd3c e-con-full e-flex e-con e-child\" data-id=\"d65bd3c\" data-element_type=\"container\" data-settings=\"{&quot;background_background&quot;:&quot;classic&quot;}\" href=\"https:\/\/grandesFelinos.carlosferbell.es\/\">\n\t\t\t\t<div class=\"elementor-element elementor-element-5fb3d50 elementor-widget elementor-widget-image\" data-id=\"5fb3d50\" data-element_type=\"widget\" data-widget_type=\"image.default\">\n\t\t\t\t<div class=\"elementor-widget-container\">\n\t\t\t\t\t\t\t\t\t\t\t\t\t\t\t<img loading=\"lazy\" decoding=\"async\" width=\"800\" height=\"800\" src=\"https:\/\/carlosferbell.es\/wp-content\/uploads\/2025\/05\/grandesFelinos.png\" class=\"attachment-large size-large wp-image-324\" alt=\"Grandes Felinos\" srcset=\"https:\/\/carlosferbell.es\/wp-content\/uploads\/2025\/05\/grandesFelinos.png 800w, https:\/\/carlosferbell.es\/wp-content\/uploads\/2025\/05\/grandesFelinos-300x300.png 300w, https:\/\/carlosferbell.es\/wp-content\/uploads\/2025\/05\/grandesFelinos-150x150.png 150w, https:\/\/carlosferbell.es\/wp-content\/uploads\/2025\/05\/grandesFelinos-768x768.png 768w\" sizes=\"(max-width: 800px) 100vw, 800px\" \/>\t\t\t\t\t\t\t\t\t\t\t\t\t\t\t<\/div>\n\t\t\t\t<\/div>\n\t\t\t\t<div class=\"elementor-element elementor-element-048e7b1 elementor-widget-divider--view-line elementor-invisible elementor-widget elementor-widget-divider\" data-id=\"048e7b1\" data-element_type=\"widget\" data-settings=\"{&quot;_animation&quot;:&quot;wobble&quot;,&quot;_animation_delay&quot;:0}\" data-widget_type=\"divider.default\">\n\t\t\t\t<div class=\"elementor-widget-container\">\n\t\t\t\t\t\t\t<div class=\"elementor-divider\">\n\t\t\t<span class=\"elementor-divider-separator\">\n\t\t\t\t\t\t<\/span>\n\t\t<\/div>\n\t\t\t\t\t\t<\/div>\n\t\t\t\t<\/div>\n\t\t\t\t<div class=\"elementor-element elementor-element-75f7f85 elementor-widget__width-initial elementor-widget elementor-widget-heading\" data-id=\"75f7f85\" data-element_type=\"widget\" data-widget_type=\"heading.default\">\n\t\t\t\t<div class=\"elementor-widget-container\">\n\t\t\t\t\t<h3 class=\"elementor-heading-title elementor-size-default\">Documental de Grandes Felinos con Bootstrap<\/h3>\t\t\t\t<\/div>\n\t\t\t\t<\/div>\n\t\t\t\t<\/a>\n\t\t\t\t<\/div>\n\t\t\t\t<\/div>\n\t\t<div class=\"elementor-element elementor-element-0fa3016 e-con-full e-flex e-con e-child\" data-id=\"0fa3016\" data-element_type=\"container\">\n\t\t\t\t<div class=\"elementor-element elementor-element-03820a2 elementor-invisible elementor-widget elementor-widget-heading\" data-id=\"03820a2\" data-element_type=\"widget\" data-settings=\"{&quot;_animation&quot;:&quot;slideInLeft&quot;}\" data-widget_type=\"heading.default\">\n\t\t\t\t<div class=\"elementor-widget-container\">\n\t\t\t\t\t<h2 class=\"elementor-heading-title elementor-size-default\">Figma<\/h2>\t\t\t\t<\/div>\n\t\t\t\t<\/div>\n\t\t<div class=\"elementor-element elementor-element-26b92df e-con-full e-flex elementor-invisible e-con e-child\" data-id=\"26b92df\" data-element_type=\"container\" data-settings=\"{&quot;animation&quot;:&quot;bounceInLeft&quot;}\">\n\t\t<a class=\"elementor-element elementor-element-ba2328e e-con-full e-flex e-con e-child\" data-id=\"ba2328e\" data-element_type=\"container\" data-settings=\"{&quot;background_background&quot;:&quot;classic&quot;}\" href=\"https:\/\/www.figma.com\/proto\/tyti66wgsTwrY59ZWxxLYu\/Museo-Ocean%C3%ADa---Carlos-Ferbell?node-id=5-93&#038;p=f&#038;t=v2CNqUeHk66VEA60-0&#038;scaling=min-zoom&#038;content-scaling=fixed&#038;page-id=0%3A1\" target=\"_blank\" rel=\"nofollow\">\n\t\t\t\t<div class=\"elementor-element elementor-element-010f953 elementor-widget elementor-widget-image\" data-id=\"010f953\" data-element_type=\"widget\" data-widget_type=\"image.default\">\n\t\t\t\t<div class=\"elementor-widget-container\">\n\t\t\t\t\t\t\t\t\t\t\t\t\t\t\t<img loading=\"lazy\" decoding=\"async\" width=\"500\" height=\"500\" src=\"https:\/\/carlosferbell.es\/wp-content\/uploads\/2025\/05\/Oceania.png\" class=\"attachment-large size-large wp-image-345\" alt=\"Newsletter Oceania\" srcset=\"https:\/\/carlosferbell.es\/wp-content\/uploads\/2025\/05\/Oceania.png 500w, https:\/\/carlosferbell.es\/wp-content\/uploads\/2025\/05\/Oceania-300x300.png 300w, https:\/\/carlosferbell.es\/wp-content\/uploads\/2025\/05\/Oceania-150x150.png 150w\" sizes=\"(max-width: 500px) 100vw, 500px\" \/>\t\t\t\t\t\t\t\t\t\t\t\t\t\t\t<\/div>\n\t\t\t\t<\/div>\n\t\t\t\t<div class=\"elementor-element elementor-element-58acc7c elementor-widget-divider--view-line elementor-invisible elementor-widget elementor-widget-divider\" data-id=\"58acc7c\" data-element_type=\"widget\" data-settings=\"{&quot;_animation&quot;:&quot;wobble&quot;,&quot;_animation_delay&quot;:0}\" data-widget_type=\"divider.default\">\n\t\t\t\t<div class=\"elementor-widget-container\">\n\t\t\t\t\t\t\t<div class=\"elementor-divider\">\n\t\t\t<span class=\"elementor-divider-separator\">\n\t\t\t\t\t\t<\/span>\n\t\t<\/div>\n\t\t\t\t\t\t<\/div>\n\t\t\t\t<\/div>\n\t\t\t\t<div class=\"elementor-element elementor-element-ad8a91e elementor-widget__width-initial elementor-widget elementor-widget-heading\" data-id=\"ad8a91e\" data-element_type=\"widget\" data-widget_type=\"heading.default\">\n\t\t\t\t<div class=\"elementor-widget-container\">\n\t\t\t\t\t<h3 class=\"elementor-heading-title elementor-size-default\">Dise\u00f1o de Newsletter para Museo Oceanogr\u00e1fico<\/h3>\t\t\t\t<\/div>\n\t\t\t\t<\/div>\n\t\t\t\t<\/a>\n\t\t\t\t<\/div>\n\t\t\t\t<\/div>\n\t\t\t\t<\/div>\n\t\t\t\t\t<\/div>\n\t\t\t\t<\/div>\n\t\t\t\t<\/div>\n\t\t","protected":false},"excerpt":{"rendered":"<p>Portfolio WordPress Miquel Antoja Javascript Lista de tareas con DOM y eventos Conexi\u00f3n a API de Recetas The Meal DB Maquetaci\u00f3n Documental de Grandes Felinos con Bootstrap Figma Dise\u00f1o de Newsletter para Museo Oceanogr\u00e1fico<\/p>\n","protected":false},"author":1,"featured_media":0,"parent":0,"menu_order":0,"comment_status":"closed","ping_status":"closed","template":"","meta":{"footnotes":""},"class_list":["post-47","page","type-page","status-publish","hentry"],"_links":{"self":[{"href":"https:\/\/carlosferbell.es\/index.php\/wp-json\/wp\/v2\/pages\/47","targetHints":{"allow":["GET"]}}],"collection":[{"href":"https:\/\/carlosferbell.es\/index.php\/wp-json\/wp\/v2\/pages"}],"about":[{"href":"https:\/\/carlosferbell.es\/index.php\/wp-json\/wp\/v2\/types\/page"}],"author":[{"embeddable":true,"href":"https:\/\/carlosferbell.es\/index.php\/wp-json\/wp\/v2\/users\/1"}],"replies":[{"embeddable":true,"href":"https:\/\/carlosferbell.es\/index.php\/wp-json\/wp\/v2\/comments?post=47"}],"version-history":[{"count":305,"href":"https:\/\/carlosferbell.es\/index.php\/wp-json\/wp\/v2\/pages\/47\/revisions"}],"predecessor-version":[{"id":844,"href":"https:\/\/carlosferbell.es\/index.php\/wp-json\/wp\/v2\/pages\/47\/revisions\/844"}],"wp:attachment":[{"href":"https:\/\/carlosferbell.es\/index.php\/wp-json\/wp\/v2\/media?parent=47"}],"curies":[{"name":"wp","href":"https:\/\/api.w.org\/{rel}","templated":true}]}}